{"id":754,"date":"2020-06-10T09:55:56","date_gmt":"2020-06-10T07:55:56","guid":{"rendered":"http:\/\/klocke-agentur.de\/kunden\/andromat\/directions\/"},"modified":"2020-06-10T09:56:44","modified_gmt":"2020-06-10T07:56:44","slug":"directions","status":"publish","type":"page","link":"https:\/\/andromat.com\/en\/directions\/","title":{"rendered":"Directions"},"content":{"rendered":"<p><div class=\"fusion-fullwidth fullwidth-box fusion-builder-row-1 hundred-percent-fullwidth non-hundred-percent-height-scrolling\" style=\"--awb-border-radius-top-left:0px;--awb-border-radius-top-right:0px;--awb-border-radius-bottom-right:0px;--awb-border-radius-bottom-left:0px;--awb-padding-top:0px;--awb-padding-right:0px;--awb-padding-bottom:0px;--awb-padding-left:0px;--awb-margin-top:0px;--awb-margin-bottom:0px;--awb-flex-wrap:wrap;\" ><div class=\"fusion-builder-row fusion-row\"><div class=\"fusion-layout-column fusion_builder_column fusion-builder-column-0 fusion_builder_column_1_1 1_1 fusion-one-full fusion-column-first fusion-column-last\" style=\"--awb-padding-top:0px;--awb-padding-right:0px;--awb-padding-bottom:0px;--awb-padding-left:0px;--awb-bg-size:cover;--awb-margin-bottom:0px;\"><div class=\"fusion-column-wrapper fusion-column-has-shadow fusion-flex-column-wrapper-legacy\"><div class=\"fusion-privacy-placeholder\" style=\"width:100%; height:300px;\" data-privacy-type=\"gmaps\"><div class=\"fusion-privacy-placeholder-content\"><div class=\"fusion-privacy-label\">For privacy reasons Google Maps needs your permission to be loaded.<\/div><button data-privacy-type=\"gmaps\" class=\"fusion-button button-default fusion-button-default-size button fusion-privacy-consent\">I Accept<\/button><\/div><\/div>\t\t\t\t\t<noscript class=\"fusion-hidden\" data-privacy-script=\"true\" data-privacy-type=\"gmaps\" type=\"text\/javascript\">\n\t\t\t\t\t\tvar map_fusion_map_69ea3809ac360;\n\t\t\t\t\t\tvar markers = [];\n\t\t\t\t\t\tvar counter = 0;\n\t\t\t\t\t\t\t\t\t\t\t\t\t\t\t\t\t\t\t\tvar fusionMapNonce = '5b4b5eb362';\n\t\t\t\t\t\t\t\t\t\t\t\tfunction fusion_run_map_fusion_map_69ea3809ac360() {\n\t\t\t\t\t\t\tjQuery ('#fusion_map_69ea3809ac360' ).fusion_maps( {\n\t\t\t\t\t\t\t\taddresses: [{\"address\":\"Henschel Industrietechnik GmbHHenschelplatz 134127 Kassel\",\"infobox_content\":\"Henschel Industrietechnik GmbHHenschelplatz 134127 Kassel\",\"coordinates\":false,\"cache\":true,\"latitude\":\"51.33391\",\"longitude\":\"9.485330099999999\"}],\n\t\t\t\t\t\t\t\tanimations: false,\n\t\t\t\t\t\t\t\tinfobox_background_color: '',\n\t\t\t\t\t\t\t\tinfobox_styling: 'default',\n\t\t\t\t\t\t\t\tinfobox_text_color: '',\n\t\t\t\t\t\t\t\tmap_style: 'default',\n\t\t\t\t\t\t\t\tmap_type: 'roadmap',\n\t\t\t\t\t\t\t\tmarker_icon: '',\n\t\t\t\t\t\t\t\toverlay_color: '',\n\t\t\t\t\t\t\t\toverlay_color_hsl: {\"hue\":0,\"sat\":0,\"lum\":100},\n\t\t\t\t\t\t\t\tshow_address: true,\n\t\t\t\t\t\t\t\tscale_control: true,\n\t\t\t\t\t\t\t\tscrollwheel: true,\n\t\t\t\t\t\t\t\tzoom: 14,\n\t\t\t\t\t\t\t\tzoom_control: true,\n\t\t\t\t\t\t\t} );\n\t\t\t\t\t\t}\n\n\t\t\t\t\t\tgoogle.maps.event.addDomListener(window, 'load', fusion_run_map_fusion_map_69ea3809ac360);\n\t\t\t\t\t<\/noscript>\n\t\t\t\t\t<div class=\"shortcode-map fusion-google-map fusion-maps-js-type fusion-hidden\" id=\"fusion_map_69ea3809ac360\"><\/div><div class=\"fusion-clearfix\"><\/div><\/div><\/div><\/div><\/div><div id=\"down\" class=\"fusion-container-anchor\"><div class=\"fusion-fullwidth fullwidth-box fusion-builder-row-2 nonhundred-percent-fullwidth non-hundred-percent-height-scrolling\" style=\"--awb-border-radius-top-left:0px;--awb-border-radius-top-right:0px;--awb-border-radius-bottom-right:0px;--awb-border-radius-bottom-left:0px;--awb-padding-top:0px;--awb-padding-bottom:100px;--awb-margin-top:0px;--awb-flex-wrap:wrap;\" ><div class=\"fusion-builder-row fusion-row\"><div class=\"fusion-layout-column fusion_builder_column fusion-builder-column-1 fusion_builder_column_1_1 1_1 fusion-one-full fusion-column-first fusion-column-last fusion-column-no-min-height fusion-animated\" style=\"--awb-padding-top:100px;--awb-bg-size:cover;--awb-margin-bottom:0px;\" data-animationType=\"slideInUp\" data-animationDuration=\"1.0\" data-animationOffset=\"top-into-view\"><div class=\"fusion-column-wrapper fusion-column-has-shadow fusion-flex-column-wrapper-legacy\"><div class=\"fusion-text fusion-text-1\"><h2>How to get to the headquarter in Kassel, Germany<\/h2>\n<\/div><div class=\"fusion-clearfix\"><\/div><\/div><\/div><div class=\"fusion-layout-column fusion_builder_column fusion-builder-column-2 fusion_builder_column_1_2 1_2 fusion-one-half fusion-column-first fusion-animated\" style=\"--awb-bg-size:cover;--awb-margin-bottom:0px;width:48%; margin-right: 4%;\" data-animationType=\"slideInUp\" data-animationDuration=\"1.0\" data-animationOffset=\"top-into-view\"><div class=\"fusion-column-wrapper fusion-column-has-shadow fusion-flex-column-wrapper-legacy\"><div class=\"fusion-text fusion-text-2\"><h3>By car from Hanover \/W\u00fcrzburg (Frankfurt):<\/h3>\n<p>A7 Kassel-Nord Exit after exiting, head toward the city centre (always follow the Kassel-Calden Airport signs), to Dresdener Stra\u00dfe (merge right) Before the third traffic light system (view of BMW location)turn right onto Scharnhorststra\u00dfe. After crossing the harbour bridge, mergeleft in the direction of Sch\u00fctzenstra\u00dfe. Continuestraight until Holl\u00e4ndischer Platz (second major traffic light system) and merge right. Turn right onto Holl\u00e4ndische Stra\u00dfe (the university can be seen on the right) Merge left on Holl\u00e4ndische Stra\u00dfe and continue straight in the direction of Kassel-Calden Airport. At the third major traffic light system, turn left onto Wiener Stra\u00dfe (a large ARAL petrol station can be seen to the right). Then turn right immediately onto Struthbachwegand continue straight to the entrance. Visitor&#8217;s parking is located on the left sideof the street.<\/p>\n<\/div><div class=\"fusion-clearfix\"><\/div><\/div><\/div><div class=\"fusion-layout-column fusion_builder_column fusion-builder-column-3 fusion_builder_column_1_2 1_2 fusion-one-half fusion-column-last fusion-animated\" style=\"--awb-bg-size:cover;--awb-margin-bottom:0px;width:48%;\" data-animationType=\"slideInUp\" data-animationDuration=\"1.0\" data-animationOffset=\"top-into-view\"><div class=\"fusion-column-wrapper fusion-column-has-shadow fusion-flex-column-wrapper-legacy\"><div class=\"fusion-text fusion-text-3\"><h3>By car from Dortmund:<\/h3>\n<div>\n<p>A44 Warburg exit, head towards Warburg After approx. 3 km turn right onto B7, heading towards Warburg. Follow B7 approx. 25 km towards Kassel.<br \/>\nOn entering Kassel, continue straight on Holl\u00e4ndische Stra\u00dfe towards the city and turn right after approx. 2 km onto Wiener Stra\u00dfe (towards DaimlerChrysler, Marienkrankenhaus, Rothenberg) Then turn right immediately onto Struthbachweg (dead end) and continue straight until the entrance. Visitor&#8217;s parking is located on the left side of the street!\n<\/p>\n<\/div>\n<\/div><div class=\"fusion-clearfix\"><\/div><\/div><\/div><\/div><\/div><\/div><div class=\"fusion-fullwidth fullwidth-box fusion-builder-row-3 fusion-parallax-fixed nonhundred-percent-fullwidth non-hundred-percent-height-scrolling\" style=\"--awb-border-radius-top-left:0px;--awb-border-radius-top-right:0px;--awb-border-radius-bottom-right:0px;--awb-border-radius-bottom-left:0px;--awb-padding-top:50px;--awb-padding-bottom:50px;--awb-background-image:url(&quot;http:\/\/andromat.com\/wp-content\/uploads\/2019\/12\/Messe.jpg&quot;);--awb-background-size:cover;--awb-flex-wrap:wrap;background-attachment:fixed;\" ><div class=\"fusion-builder-row fusion-row\"><div class=\"fusion-layout-column fusion_builder_column fusion-builder-column-4 fusion_builder_column_1_1 1_1 fusion-one-full fusion-column-first fusion-column-last\" style=\"--awb-bg-size:cover;\"><div class=\"fusion-column-wrapper fusion-column-has-shadow fusion-flex-column-wrapper-legacy\"><div class=\"fusion-text fusion-text-4 whitefont\"><h3 style=\"text-align: center;\">We would be appreciated without obligation a personal meeting.<br \/>\n<span style=\"color: #f6e150;\">Office: +49 561 801 6800<\/span><\/h3>\n<\/div><div class=\"fusion-text fusion-text-5\"><\/div><div class=\"fusion-image-element fusion-image-align-center in-legacy-container\" style=\"text-align:center;--awb-caption-title-font-family:var(--h2_typography-font-family);--awb-caption-title-font-weight:var(--h2_typography-font-weight);--awb-caption-title-font-style:var(--h2_typography-font-style);--awb-caption-title-size:var(--h2_typography-font-size);--awb-caption-title-transform:var(--h2_typography-text-transform);--awb-caption-title-line-height:var(--h2_typography-line-height);--awb-caption-title-letter-spacing:var(--h2_typography-letter-spacing);\"><div class=\"imageframe-align-center\"><span class=\" fusion-imageframe imageframe-none imageframe-1 hover-type-none\"><img decoding=\"async\" width=\"78\" height=\"40\" title=\"Haken-gelb\" src=\"https:\/\/andromat.com\/wp-content\/uploads\/2019\/12\/Haken-gelb.png\" alt class=\"img-responsive wp-image-549\"\/><\/span><\/div><\/div><div class=\"fusion-sep-clear\"><\/div><div class=\"fusion-separator fusion-full-width-sep\" style=\"margin-left: auto;margin-right: auto;margin-top:10px;margin-bottom:10px;width:100%;\"><\/div><div class=\"fusion-sep-clear\"><\/div><div class=\"fusion-aligncenter\"><a class=\"fusion-button button-flat fusion-button-default-size button-default fusion-button-default button-1 fusion-button-default-span fusion-button-default-type\" target=\"_self\" href=\"mailto:info@andromat.de\"><span class=\"fusion-button-text awb-button__text awb-button__text--default\">Contact by Mail<\/span><\/a><\/div><div class=\"fusion-clearfix\"><\/div><\/div><\/div><\/div><\/div>\n<div class=\"fusion-fullwidth fullwidth-box fusion-builder-row-4 whitefont nonhundred-percent-fullwidth non-hundred-percent-height-scrolling fusion-equal-height-columns\" style=\"--awb-border-radius-top-left:0px;--awb-border-radius-top-right:0px;--awb-border-radius-bottom-right:0px;--awb-border-radius-bottom-left:0px;--awb-padding-top:30px;--awb-padding-bottom:30px;--awb-background-color:#000000;--awb-background-image:linear-gradient(94deg, #3a3a3a 0%,#595959 100%);--awb-flex-wrap:wrap;\" ><div class=\"fusion-builder-row fusion-row\"><div class=\"fusion-layout-column fusion_builder_column fusion-builder-column-5 fusion_builder_column_1_4 1_4 fusion-one-fourth fusion-column-first\" style=\"--awb-bg-size:cover;width:25%;width:calc(25% - ( ( 4% ) * 0.25 ) );margin-right: 4%;\"><div class=\"fusion-column-wrapper fusion-column-has-shadow fusion-flex-column-wrapper-legacy\"><div class=\"fusion-image-element fusion-image-align-left in-legacy-container\" style=\"text-align:left;--awb-caption-title-font-family:var(--h2_typography-font-family);--awb-caption-title-font-weight:var(--h2_typography-font-weight);--awb-caption-title-font-style:var(--h2_typography-font-style);--awb-caption-title-size:var(--h2_typography-font-size);--awb-caption-title-transform:var(--h2_typography-text-transform);--awb-caption-title-line-height:var(--h2_typography-line-height);--awb-caption-title-letter-spacing:var(--h2_typography-letter-spacing);\"><span class=\" fusion-imageframe imageframe-none imageframe-2 hover-type-none\" style=\"margin-right:25px;float:left;\"><img decoding=\"async\" width=\"174\" height=\"120\" alt=\"DQS DIN EN ISO 9001 zertifizierter Betrieb\" title=\"DMSZ_Logo_weiss\" src=\"https:\/\/andromat.com\/wp-content\/uploads\/2025\/11\/DMSZ_Logo_weiss.webp\" class=\"img-responsive wp-image-1088\"\/><\/span><\/div><div class=\"fusion-clearfix\"><\/div><\/div><\/div><div class=\"fusion-layout-column fusion_builder_column fusion-builder-column-6 fusion_builder_column_1_2 1_2 fusion-one-half fusion-column-last\" style=\"--awb-bg-size:cover;width:50%;width:calc(50% - ( ( 4% ) * 0.5 ) );\"><div class=\"fusion-column-wrapper fusion-column-has-shadow fusion-flex-column-wrapper-legacy\"><div class=\"fusion-column-content-centered\"><div class=\"fusion-column-content\"><div class=\"fusion-text fusion-text-6\"><p style=\"text-align: left; font-size: 20px;\">Our manipulators provide ergonomically designed and economical workplaces for your production and work reliably and safely under extreme environmental conditions.<\/p>\n<\/div><\/div><\/div><div class=\"fusion-clearfix\"><\/div><\/div><\/div><\/div><\/div>\n<div class=\"fusion-fullwidth fullwidth-box fusion-builder-row-5 whitefont nonhundred-percent-fullwidth non-hundred-percent-height-scrolling\" style=\"--awb-border-radius-top-left:0px;--awb-border-radius-top-right:0px;--awb-border-radius-bottom-right:0px;--awb-border-radius-bottom-left:0px;--awb-padding-top:80px;--awb-padding-bottom:50px;--awb-margin-bottom:0px;--awb-background-color:#000000;--awb-flex-wrap:wrap;--awb-filter:opacity(80%);--awb-filter-transition:filter 0.3s ease;--awb-filter-hover:opacity(80%);\" ><div class=\"fusion-builder-row fusion-row\"><div class=\"fusion-layout-column fusion_builder_column fusion-builder-column-7 fusion_builder_column_1_3 1_3 fusion-one-third fusion-column-first\" style=\"--awb-bg-size:cover;width:33.333333333333%;width:calc(33.333333333333% - ( ( 4% + 4% ) * 0.33333333333333 ) );margin-right: 4%;\"><div class=\"fusion-column-wrapper fusion-column-has-shadow fusion-flex-column-wrapper-legacy\"><div class=\"fusion-text fusion-text-7\"><p>Henschel Industrietechnik GmbH<br \/>\nHenschelplatz 1<br \/>\n34127 Kassel<br \/>\nGermany<\/p>\n<\/div><div class=\"fusion-clearfix\"><\/div><\/div><\/div><div class=\"fusion-layout-column fusion_builder_column fusion-builder-column-8 fusion_builder_column_1_3 1_3 fusion-one-third\" style=\"--awb-bg-size:cover;width:33.333333333333%;width:calc(33.333333333333% - ( ( 4% + 4% ) * 0.33333333333333 ) );margin-right: 4%;\"><div class=\"fusion-column-wrapper fusion-column-has-shadow fusion-flex-column-wrapper-legacy\"><div class=\"fusion-text fusion-text-8\"><p>Tel:\u00a0 +49 561 801 6800<br \/>\nFax: +49 561 801 5775<br \/>\nServiceline: +49 561 801 6813<br \/>\nEmail:\u00a0 <a href=\"mailto:info@andromat.de\">info@andromat.de<\/a><\/p>\n<\/div><div class=\"fusion-clearfix\"><\/div><\/div><\/div><div class=\"fusion-layout-column fusion_builder_column fusion-builder-column-9 fusion_builder_column_1_3 1_3 fusion-one-third fusion-column-last\" style=\"--awb-bg-size:cover;width:33.333333333333%;width:calc(33.333333333333% - ( ( 4% + 4% ) * 0.33333333333333 ) );\"><div class=\"fusion-column-wrapper fusion-column-has-shadow fusion-flex-column-wrapper-legacy\"><div class=\"fusion-text fusion-text-9\"><ul>\n<li><a href=\"https:\/\/andromat.com\/wp-content\/uploads\/2021\/01\/210114_HIH_Verhaltenskodex_Rev.01_signed.pdf\">Code of Conduct<\/a><\/li>\n<li><a href=\"https:\/\/andromat.com\/wp-content\/uploads\/2025\/08\/2025_ISO9001_QM_22578-Z03879_en.pdf\">ISO9001 Certificate<\/a><\/li>\n<li><a href=\"https:\/\/andromat.com\/wp-content\/uploads\/2020\/06\/AGB_HIH_ENGL.pdf\" target=\"_blank\" rel=\"noopener noreferrer\">General terms and conditions<\/a><\/li>\n<li><a href=\"https:\/\/andromat.com\/en\/imprint-and-privacy-policy\/\">Imprint and Privacy Policy<\/a><\/li>\n<\/ul>\n<\/div><div class=\"fusion-clearfix\"><\/div><\/div><\/div><\/div><\/div>\n<\/p>\n","protected":false},"excerpt":{"rendered":"","protected":false},"author":3,"featured_media":0,"parent":0,"menu_order":0,"comment_status":"closed","ping_status":"closed","template":"100-width.php","meta":{"footnotes":""},"class_list":["post-754","page","type-page","status-publish","hentry"],"_links":{"self":[{"href":"https:\/\/andromat.com\/en\/wp-json\/wp\/v2\/pages\/754","targetHints":{"allow":["GET"]}}],"collection":[{"href":"https:\/\/andromat.com\/en\/wp-json\/wp\/v2\/pages"}],"about":[{"href":"https:\/\/andromat.com\/en\/wp-json\/wp\/v2\/types\/page"}],"author":[{"embeddable":true,"href":"https:\/\/andromat.com\/en\/wp-json\/wp\/v2\/users\/3"}],"replies":[{"embeddable":true,"href":"https:\/\/andromat.com\/en\/wp-json\/wp\/v2\/comments?post=754"}],"version-history":[{"count":2,"href":"https:\/\/andromat.com\/en\/wp-json\/wp\/v2\/pages\/754\/revisions"}],"predecessor-version":[{"id":756,"href":"https:\/\/andromat.com\/en\/wp-json\/wp\/v2\/pages\/754\/revisions\/756"}],"wp:attachment":[{"href":"https:\/\/andromat.com\/en\/wp-json\/wp\/v2\/media?parent=754"}],"curies":[{"name":"wp","href":"https:\/\/api.w.org\/{rel}","templated":true}]}}